{"id":762,"date":"2017-08-02T06:55:23","date_gmt":"2017-08-02T06:55:23","guid":{"rendered":"https:\/\/hotelamed.com\/?page_id=762"},"modified":"2025-04-16T03:49:26","modified_gmt":"2025-04-16T03:49:26","slug":"chambres-familiales","status":"publish","type":"page","link":"https:\/\/amedhotel.com\/fr\/bungalows\/chambres-familiales\/","title":{"rendered":"Chambres Familiales"},"content":{"rendered":"<div id=\"pl-762\"  class=\"panel-layout\" ><div id=\"pg-762-0\"  class=\"panel-grid panel-has-style\" ><div class=\"siteorigin-panels-stretch panel-row-style panel-row-style-for-762-0\" data-stretch-type=\"full\" ><div id=\"pgc-762-0-0\"  class=\"panel-grid-cell\" ><div id=\"panel-762-0-0-0\" class=\"so-panel widget widget_black-studio-tinymce widget_black_studio_tinymce panel-first-child panel-last-child\" data-index=\"0\" ><div class=\"textwidget\"><p><span class=\"\" style=\"display:block;clear:both;height: 0px;padding-top: 700px;border-top-width:0px;border-bottom-width:0px;\"><\/span><\/p>\n<\/div><\/div><\/div><\/div><\/div><div id=\"pg-762-1\"  class=\"panel-grid panel-has-style\" ><div class=\"siteorigin-panels-stretch panel-row-style panel-row-style-for-762-1\" data-stretch-type=\"full\" ><div id=\"pgc-762-1-0\"  class=\"panel-grid-cell\" ><div id=\"panel-762-1-0-0\" class=\"so-panel widget widget_black-studio-tinymce widget_black_studio_tinymce panel-first-child panel-last-child\" data-index=\"1\" ><div class=\"textwidget\"><h2 style=\"text-align: center;\"><span style=\"color: #808080;\">Nos chambres familiales sont faites dans une architecture moderne, confortables et toutes \u00e9quip\u00e9es.<\/span><\/h2>\n<\/div><\/div><\/div><\/div><\/div><div id=\"pg-762-2\"  class=\"panel-grid panel-no-style\" ><div id=\"pgc-762-2-0\"  class=\"panel-grid-cell\" ><div id=\"panel-762-2-0-0\" class=\"so-panel widget widget_sow-image panel-first-child panel-last-child\" data-index=\"2\" ><div\n\t\t\t\n\t\t\tclass=\"so-widget-sow-image so-widget-sow-image-default-d6014b76747a-762\"\n\t\t\t\n\t\t>\n\n<div class=\"sow-image-container\">\n\t\t<img src=\"https:\/\/amedhotel.com\/wp-content\/uploads\/2021\/11\/0-scaled.jpg\" width=\"2560\" height=\"1707\" srcset=\"https:\/\/amedhotel.com\/wp-content\/uploads\/2021\/11\/0-scaled.jpg 2560w, https:\/\/amedhotel.com\/wp-content\/uploads\/2021\/11\/0-300x200.jpg 300w, https:\/\/amedhotel.com\/wp-content\/uploads\/2021\/11\/0-1024x683.jpg 1024w, https:\/\/amedhotel.com\/wp-content\/uploads\/2021\/11\/0-768x512.jpg 768w, https:\/\/amedhotel.com\/wp-content\/uploads\/2021\/11\/0-1536x1024.jpg 1536w, https:\/\/amedhotel.com\/wp-content\/uploads\/2021\/11\/0-2048x1365.jpg 2048w, https:\/\/amedhotel.com\/wp-content\/uploads\/2021\/11\/0-272x182.jpg 272w\" sizes=\"(max-width: 2560px) 100vw, 2560px\" alt=\"dive-resort-bali-amed-pool\" \t\tclass=\"so-widget-image\"\/>\n\t<\/div>\n\n<\/div><\/div><\/div><div id=\"pgc-762-2-1\"  class=\"panel-grid-cell\" ><div id=\"panel-762-2-1-0\" class=\"so-panel widget widget_black-studio-tinymce widget_black_studio_tinymce panel-first-child panel-last-child\" data-index=\"3\" ><div class=\"textwidget\"><p>Bunga Laut Bungalow ayant pour signification \"La fleur de l'oc\u00e9an\" en Indon\u00e9sien est situ\u00e9 sur la c<span class=\"st\">\u00f4<\/span>te nord-est de Bali.<\/p>\n<p>Situ\u00e9 dans un cadre isol\u00e9 \u00e0 Amed entre les montagnes et la plage, Bunga Laut Bungalows vous permet de profiter de la beaut\u00e9 de l'\u00eele des dieux. Les voyageurs y appr\u00e9cieront le calme et l\u2019atmosph\u00e8re.<\/p>\n<p>Nos chambres familiales sont spacieuses et agr\u00e9ables. Elles peuvent accueillir jusqu'\u00e0 quatre personnes. Elles sont \u00e9quip\u00e9es de lits doubles et simples et d'une terrasse avec vue sur la mer, la piscine et le jardin tropical.<\/p>\n<\/div><\/div><\/div><\/div><div id=\"pg-762-3\"  class=\"panel-grid panel-no-style\" ><div id=\"pgc-762-3-0\"  class=\"panel-grid-cell\" ><div id=\"panel-762-3-0-0\" class=\"so-panel widget widget_black-studio-tinymce widget_black_studio_tinymce panel-first-child panel-last-child\" data-index=\"4\" ><div class=\"textwidget\"><p><span class=\"\" style=\"display:block;clear:both;height: 0px;padding-top: 40px;border-top-width:0px;border-bottom-width:0px;\"><\/span><\/p>\n<p>Les Chambres familiales ont un int\u00e9rieur moderne et \u00e9pur\u00e9 tout en gardant un charme balinais.<\/p>\n<p>Des placards sont \u00e0 votre disposition pour vous installer confortablement.<\/p>\n<p>Les chambres sont \u00e9quip\u00e9es d'une salle de bain priv\u00e9e avec eau chaude, air climatis\u00e9, ventilateur, mini-bar, coffre-fort, serviettes de toilette et de piscine et d'un acc\u00e8s WiFi..<\/p>\n<\/div><\/div><\/div><div id=\"pgc-762-3-1\"  class=\"panel-grid-cell\" ><div id=\"panel-762-3-1-0\" class=\"so-panel widget widget_sow-image panel-first-child panel-last-child\" data-index=\"5\" ><div\n\t\t\t\n\t\t\tclass=\"so-widget-sow-image so-widget-sow-image-default-4b231843ec72-762\"\n\t\t\t\n\t\t>\n\n<div class=\"sow-image-container\">\n\t\t<img src=\"https:\/\/amedhotel.com\/wp-content\/uploads\/2021\/11\/1-scaled.jpg\" width=\"2560\" height=\"1707\" srcset=\"https:\/\/amedhotel.com\/wp-content\/uploads\/2021\/11\/1-scaled.jpg 2560w, https:\/\/amedhotel.com\/wp-content\/uploads\/2021\/11\/1-300x200.jpg 300w, https:\/\/amedhotel.com\/wp-content\/uploads\/2021\/11\/1-1024x683.jpg 1024w, https:\/\/amedhotel.com\/wp-content\/uploads\/2021\/11\/1-768x512.jpg 768w, https:\/\/amedhotel.com\/wp-content\/uploads\/2021\/11\/1-1536x1024.jpg 1536w, https:\/\/amedhotel.com\/wp-content\/uploads\/2021\/11\/1-2048x1365.jpg 2048w, https:\/\/amedhotel.com\/wp-content\/uploads\/2021\/11\/1-272x182.jpg 272w\" sizes=\"(max-width: 2560px) 100vw, 2560px\" title=\"1\" alt=\"bed-room-bali-imdonesia\" \t\tclass=\"so-widget-image\"\/>\n\t<\/div>\n\n<\/div><\/div><\/div><\/div><div id=\"pg-762-4\"  class=\"panel-grid panel-no-style\" ><div id=\"pgc-762-4-0\"  class=\"panel-grid-cell\" ><div id=\"panel-762-4-0-0\" class=\"so-panel widget widget_sow-image panel-first-child\" data-index=\"6\" ><div\n\t\t\t\n\t\t\tclass=\"so-widget-sow-image so-widget-sow-image-default-4b231843ec72-762\"\n\t\t\t\n\t\t>\n\n<div class=\"sow-image-container\">\n\t\t<img src=\"https:\/\/amedhotel.com\/wp-content\/uploads\/2021\/11\/DSC06326-HDR-scaled.jpg\" width=\"2560\" height=\"1707\" srcset=\"https:\/\/amedhotel.com\/wp-content\/uploads\/2021\/11\/DSC06326-HDR-scaled.jpg 2560w, https:\/\/amedhotel.com\/wp-content\/uploads\/2021\/11\/DSC06326-HDR-300x200.jpg 300w, https:\/\/amedhotel.com\/wp-content\/uploads\/2021\/11\/DSC06326-HDR-1024x683.jpg 1024w, https:\/\/amedhotel.com\/wp-content\/uploads\/2021\/11\/DSC06326-HDR-768x512.jpg 768w, https:\/\/amedhotel.com\/wp-content\/uploads\/2021\/11\/DSC06326-HDR-1536x1024.jpg 1536w, https:\/\/amedhotel.com\/wp-content\/uploads\/2021\/11\/DSC06326-HDR-2048x1365.jpg 2048w, https:\/\/amedhotel.com\/wp-content\/uploads\/2021\/11\/DSC06326-HDR-272x182.jpg 272w\" sizes=\"(max-width: 2560px) 100vw, 2560px\" title=\"DSC06326-HDR\" alt=\"bali-bathroom-lavastone\" \t\tclass=\"so-widget-image\"\/>\n\t<\/div>\n\n<\/div><\/div><div id=\"panel-762-4-0-1\" class=\"so-panel widget widget_black-studio-tinymce widget_black_studio_tinymce panel-last-child\" data-index=\"7\" ><div class=\"textwidget\"><\/div><\/div><\/div><div id=\"pgc-762-4-1\"  class=\"panel-grid-cell\" ><div id=\"panel-762-4-1-0\" class=\"so-panel widget widget_black-studio-tinymce widget_black_studio_tinymce panel-first-child panel-last-child\" data-index=\"8\" ><div class=\"textwidget\"><p>Nous proposons un service de laverie payant pour vos affaires personnelles.<\/p>\n<p>Nous fournissons \u00e9galement des bouteilles d'eau gratuitement que vous pouvez les remplir au distributeur d'eau accessible en permanence dans notre restaurant.<\/p>\n<p>Le tarif d'une chambre familial est de 955.000 IDR par nuit pour trois personnes et de 1.120.000 IDR pour quatres personnes avec le petit d\u00e9jeuner inclus.<\/p>\n<p><a href=\"https:\/\/amedhotel.com\/index.php\/contact-us\/?lang=fr\">Si vous avez des questions, contactez-nous !\u00a0<\/a><\/p>\n<p><a href=\"http:\/\/www.booking.com\/hotel\/id\/bunga-laut-bungalow.html?aid=330843;lang=en\"><br \/>\n<img style=\"border: 0;\" src=\"https:\/\/aff.bstatic.com\/data\/sp_aff\/330843\/booknow_en.gif\" \/><\/a><\/p>\n<\/div><\/div><\/div><\/div><\/div>","protected":false},"excerpt":{"rendered":"<p>Nos chambres familiales sont faites dans une architecture moderne, confortables et toutes \u00e9quip\u00e9es.<\/p>\n","protected":false},"author":1,"featured_media":0,"parent":153,"menu_order":3,"comment_status":"closed","ping_status":"closed","template":"full-width-page.php","meta":[],"aioseo_notices":[],"_links":{"self":[{"href":"https:\/\/amedhotel.com\/fr\/wp-json\/wp\/v2\/pages\/762"}],"collection":[{"href":"https:\/\/amedhotel.com\/fr\/wp-json\/wp\/v2\/pages"}],"about":[{"href":"https:\/\/amedhotel.com\/fr\/wp-json\/wp\/v2\/types\/page"}],"author":[{"embeddable":true,"href":"https:\/\/amedhotel.com\/fr\/wp-json\/wp\/v2\/users\/1"}],"replies":[{"embeddable":true,"href":"https:\/\/amedhotel.com\/fr\/wp-json\/wp\/v2\/comments?post=762"}],"version-history":[{"count":34,"href":"https:\/\/amedhotel.com\/fr\/wp-json\/wp\/v2\/pages\/762\/revisions"}],"predecessor-version":[{"id":1620,"href":"https:\/\/amedhotel.com\/fr\/wp-json\/wp\/v2\/pages\/762\/revisions\/1620"}],"up":[{"embeddable":true,"href":"https:\/\/amedhotel.com\/fr\/wp-json\/wp\/v2\/pages\/153"}],"wp:attachment":[{"href":"https:\/\/amedhotel.com\/fr\/wp-json\/wp\/v2\/media?parent=762"}],"curies":[{"name":"wp","href":"https:\/\/api.w.org\/{rel}","templated":true}]}}