{"id":727,"date":"2017-08-02T06:07:02","date_gmt":"2017-08-02T06:07:02","guid":{"rendered":"https:\/\/hotelamed.com\/?page_id=727"},"modified":"2025-04-16T03:46:09","modified_gmt":"2025-04-16T03:46:09","slug":"bungalows-familiaux","status":"publish","type":"page","link":"https:\/\/amedhotel.com\/fr\/bungalows\/bungalows-familiaux\/","title":{"rendered":"Bungalows Familiaux"},"content":{"rendered":"<div id=\"pl-727\"  class=\"panel-layout\" ><div id=\"pg-727-0\"  class=\"panel-grid panel-has-style\" ><div class=\"siteorigin-panels-stretch panel-row-style panel-row-style-for-727-0\" data-stretch-type=\"full\" ><div id=\"pgc-727-0-0\"  class=\"panel-grid-cell\" ><div id=\"panel-727-0-0-0\" class=\"so-panel widget widget_black-studio-tinymce widget_black_studio_tinymce panel-first-child panel-last-child\" data-index=\"0\" ><div class=\"textwidget\"><p><span class=\"\" style=\"display:block;clear:both;height: 0px;padding-top: 700px;border-top-width:0px;border-bottom-width:0px;\"><\/span><\/p>\n<\/div><\/div><\/div><\/div><\/div><div id=\"pg-727-1\"  class=\"panel-grid panel-no-style\" ><div id=\"pgc-727-1-0\"  class=\"panel-grid-cell\" ><div id=\"panel-727-1-0-0\" class=\"so-panel widget widget_black-studio-tinymce widget_black_studio_tinymce panel-first-child panel-last-child\" data-index=\"1\" ><div class=\"textwidget\"><h2 style=\"text-align: center;\"><span style=\"color: #808080;\">Nos Bungalows familiaux sont faits dans une architecture traditionnelle moderne, compos\u00e9s de deux \u00e9tages, confortables et tout \u00e9quip\u00e9s.<\/span><\/h2>\n<\/div><\/div><\/div><\/div><div id=\"pg-727-2\"  class=\"panel-grid panel-no-style\" ><div id=\"pgc-727-2-0\"  class=\"panel-grid-cell\" ><div id=\"panel-727-2-0-0\" class=\"so-panel widget widget_sow-image panel-first-child panel-last-child\" data-index=\"2\" ><div\n\t\t\t\n\t\t\tclass=\"so-widget-sow-image so-widget-sow-image-default-d6014b76747a-727\"\n\t\t\t\n\t\t>\n\n<div class=\"sow-image-container\">\n\t\t<img src=\"https:\/\/amedhotel.com\/wp-content\/uploads\/2021\/11\/5-scaled.jpg\" width=\"2560\" height=\"1707\" srcset=\"https:\/\/amedhotel.com\/wp-content\/uploads\/2021\/11\/5-scaled.jpg 2560w, https:\/\/amedhotel.com\/wp-content\/uploads\/2021\/11\/5-300x200.jpg 300w, https:\/\/amedhotel.com\/wp-content\/uploads\/2021\/11\/5-1024x683.jpg 1024w, https:\/\/amedhotel.com\/wp-content\/uploads\/2021\/11\/5-768x512.jpg 768w, https:\/\/amedhotel.com\/wp-content\/uploads\/2021\/11\/5-1536x1024.jpg 1536w, https:\/\/amedhotel.com\/wp-content\/uploads\/2021\/11\/5-2048x1365.jpg 2048w, https:\/\/amedhotel.com\/wp-content\/uploads\/2021\/11\/5-272x182.jpg 272w\" sizes=\"(max-width: 2560px) 100vw, 2560px\" title=\"Bali-bungalow\" alt=\"Bungalow-traditional-Bali-Indonesia-Amed\" \t\tclass=\"so-widget-image\"\/>\n\t<\/div>\n\n<\/div><\/div><\/div><div id=\"pgc-727-2-1\"  class=\"panel-grid-cell\" ><div id=\"panel-727-2-1-0\" class=\"so-panel widget widget_black-studio-tinymce widget_black_studio_tinymce panel-first-child panel-last-child\" data-index=\"3\" ><div class=\"textwidget\"><p>Bunga Laut Bungalow ayant pour signification \"La fleur de l'oc\u00e9an\" en Indon\u00e9sien est situ\u00e9 sur la c<span class=\"st\">\u00f4<\/span>te nord-est de Bali.<\/p>\n<p>Situ\u00e9 dans un cadre isol\u00e9 \u00e0 Amed entre les montagnes et la plage, Bunga Laut Bungalows vous permet de profiter de la beaut\u00e9 de l'\u00eele des dieux. Les voyageurs y appr\u00e9cieront le calme et l\u2019atmosph\u00e8re.<\/p>\n<p>Nos bungalows familiaux sont spacieux et agr\u00e9ables. Leur capacit\u00e9 d'accueil est de trois personnes avec une chambre parentale au premier \u00e9tage donnant sur une terrasse priv\u00e9e \u00e0 la vue imprenable sur le volcan et le jardin tropical.<\/p>\n<\/div><\/div><\/div><\/div><div id=\"pg-727-3\"  class=\"panel-grid panel-no-style\" ><div id=\"pgc-727-3-0\"  class=\"panel-grid-cell\" ><div id=\"panel-727-3-0-0\" class=\"so-panel widget widget_black-studio-tinymce widget_black_studio_tinymce panel-first-child panel-last-child\" data-index=\"4\" ><div class=\"textwidget\"><p><span class=\"\" style=\"display:block;clear:both;height: 0px;padding-top: 30px;border-top-width:0px;border-bottom-width:0px;\"><\/span><\/p>\n<p>Les bungalows familiaux ont un toit traditionnel en \"Alang-alang\" qui est un tr\u00e8s bon isolant thermique, et un int\u00e9rieur en bois pour garder un charme agr\u00e9able.<\/p>\n<p>Des \u00e9tag\u00e8res balan\u00e7oires et placards sont \u00e0 votre disposition pour  vous installer confortablement.<\/p>\n<p>Les bungalows sont \u00e9quip\u00e9s d'une grande salle de bain priv\u00e9e avec eau chaude, air climatis\u00e9, ventilateur, mini-bar, coffre-fort, serviettes de toilette et de piscine et d'un acc\u00e8s WiFi.<\/p>\n<\/div><\/div><\/div><div id=\"pgc-727-3-1\"  class=\"panel-grid-cell\" ><div id=\"panel-727-3-1-0\" class=\"so-panel widget widget_sow-image panel-first-child panel-last-child\" data-index=\"5\" ><div\n\t\t\t\n\t\t\tclass=\"so-widget-sow-image so-widget-sow-image-default-d6014b76747a-727\"\n\t\t\t\n\t\t>\n\n<div class=\"sow-image-container\">\n\t\t<img src=\"https:\/\/amedhotel.com\/wp-content\/uploads\/2021\/11\/DSC06418-scaled.jpg\" width=\"2560\" height=\"1707\" srcset=\"https:\/\/amedhotel.com\/wp-content\/uploads\/2021\/11\/DSC06418-scaled.jpg 2560w, https:\/\/amedhotel.com\/wp-content\/uploads\/2021\/11\/DSC06418-300x200.jpg 300w, https:\/\/amedhotel.com\/wp-content\/uploads\/2021\/11\/DSC06418-1024x683.jpg 1024w, https:\/\/amedhotel.com\/wp-content\/uploads\/2021\/11\/DSC06418-768x512.jpg 768w, https:\/\/amedhotel.com\/wp-content\/uploads\/2021\/11\/DSC06418-1536x1024.jpg 1536w, https:\/\/amedhotel.com\/wp-content\/uploads\/2021\/11\/DSC06418-2048x1365.jpg 2048w, https:\/\/amedhotel.com\/wp-content\/uploads\/2021\/11\/DSC06418-272x182.jpg 272w\" sizes=\"(max-width: 2560px) 100vw, 2560px\" title=\"bungalow-balidivetrek\" alt=\"familybungalow-balidivetrek\" \t\tclass=\"so-widget-image\"\/>\n\t<\/div>\n\n<\/div><\/div><\/div><\/div><div id=\"pg-727-4\"  class=\"panel-grid panel-no-style\" ><div id=\"pgc-727-4-0\"  class=\"panel-grid-cell\" ><div id=\"panel-727-4-0-0\" class=\"so-panel widget widget_sow-image panel-first-child\" data-index=\"6\" ><div\n\t\t\t\n\t\t\tclass=\"so-widget-sow-image so-widget-sow-image-default-d6014b76747a-727\"\n\t\t\t\n\t\t>\n\n<div class=\"sow-image-container\">\n\t\t<img src=\"https:\/\/amedhotel.com\/wp-content\/uploads\/2017\/08\/Screen-Shot-2017-05-09-at-8.20.15-PM.jpg\" width=\"1266\" height=\"716\" srcset=\"https:\/\/amedhotel.com\/wp-content\/uploads\/2017\/08\/Screen-Shot-2017-05-09-at-8.20.15-PM.jpg 1266w, https:\/\/amedhotel.com\/wp-content\/uploads\/2017\/08\/Screen-Shot-2017-05-09-at-8.20.15-PM-300x170.jpg 300w, https:\/\/amedhotel.com\/wp-content\/uploads\/2017\/08\/Screen-Shot-2017-05-09-at-8.20.15-PM-768x434.jpg 768w, https:\/\/amedhotel.com\/wp-content\/uploads\/2017\/08\/Screen-Shot-2017-05-09-at-8.20.15-PM-1024x579.jpg 1024w\" sizes=\"(max-width: 1266px) 100vw, 1266px\" title=\"Screen Shot 2017-05-09 at 8.20.15 PM\" alt=\"\" \t\tclass=\"so-widget-image\"\/>\n\t<\/div>\n\n<\/div><\/div><div id=\"panel-727-4-0-1\" class=\"so-panel widget widget_black-studio-tinymce widget_black_studio_tinymce panel-last-child\" data-index=\"7\" ><div class=\"textwidget\"><\/div><\/div><\/div><div id=\"pgc-727-4-1\"  class=\"panel-grid-cell\" ><div id=\"panel-727-4-1-0\" class=\"so-panel widget widget_black-studio-tinymce widget_black_studio_tinymce panel-first-child panel-last-child\" data-index=\"8\" ><div class=\"textwidget\"><p>Nous proposons un service de laverie payant pour vos affaires personnelles.<\/p>\n<p>Nous fournissons \u00e9galement des bouteilles d'eau gratuitement que vous pouvez les remplir au distributeur d'eau accessible en permanence dans notre restaurant.<\/p>\n<p>Le tarif d'un bungalow familial est de 1.100.000 IDR par nuit pour trois personnes et de 955.000 IDR pour deux personnes avec le petit d\u00e9jeuner inclus.<\/p>\n<p><a href=\"https:\/\/amedhotel.com\/index.php\/contact-us\/?lang=fr\">Si vous avez des questions, contactez-nous !<\/a><\/p>\n<p><a href=\"http:\/\/www.booking.com\/hotel\/id\/bunga-laut-bungalow.html?aid=330843;lang=en\"><br \/>\n<img style=\"border: 0;\" src=\"https:\/\/aff.bstatic.com\/data\/sp_aff\/330843\/booknow_en.gif\" \/><\/a><\/p>\n<\/div><\/div><\/div><\/div><\/div>","protected":false},"excerpt":{"rendered":"<p>Nos Bungalows familiaux sont faits dans une architecture traditionnelle moderne, compos\u00e9s de deux \u00e9tages, confortables et tout \u00e9quip\u00e9s.<\/p>\n","protected":false},"author":1,"featured_media":0,"parent":153,"menu_order":0,"comment_status":"closed","ping_status":"closed","template":"full-width-page.php","meta":[],"aioseo_notices":[],"_links":{"self":[{"href":"https:\/\/amedhotel.com\/fr\/wp-json\/wp\/v2\/pages\/727"}],"collection":[{"href":"https:\/\/amedhotel.com\/fr\/wp-json\/wp\/v2\/pages"}],"about":[{"href":"https:\/\/amedhotel.com\/fr\/wp-json\/wp\/v2\/types\/page"}],"author":[{"embeddable":true,"href":"https:\/\/amedhotel.com\/fr\/wp-json\/wp\/v2\/users\/1"}],"replies":[{"embeddable":true,"href":"https:\/\/amedhotel.com\/fr\/wp-json\/wp\/v2\/comments?post=727"}],"version-history":[{"count":69,"href":"https:\/\/amedhotel.com\/fr\/wp-json\/wp\/v2\/pages\/727\/revisions"}],"predecessor-version":[{"id":1615,"href":"https:\/\/amedhotel.com\/fr\/wp-json\/wp\/v2\/pages\/727\/revisions\/1615"}],"up":[{"embeddable":true,"href":"https:\/\/amedhotel.com\/fr\/wp-json\/wp\/v2\/pages\/153"}],"wp:attachment":[{"href":"https:\/\/amedhotel.com\/fr\/wp-json\/wp\/v2\/media?parent=727"}],"curies":[{"name":"wp","href":"https:\/\/api.w.org\/{rel}","templated":true}]}}