{"id":153,"date":"2016-05-05T00:12:06","date_gmt":"2016-05-05T00:12:06","guid":{"rendered":"http:\/\/www.hotelamed.com\/index.php\/bungalows\/?lang=fr"},"modified":"2025-04-17T05:51:30","modified_gmt":"2025-04-17T05:51:30","slug":"bungalows","status":"publish","type":"page","link":"https:\/\/amedhotel.com\/fr\/bungalows\/","title":{"rendered":"Bungalows"},"content":{"rendered":"<div id=\"pl-153\"  class=\"panel-layout\" ><div id=\"pg-153-0\"  class=\"panel-grid panel-has-style\" ><div class=\"siteorigin-panels-stretch panel-row-style panel-row-style-for-153-0\" data-stretch-type=\"full\" ><div id=\"pgc-153-0-0\"  class=\"panel-grid-cell\" ><div id=\"panel-153-0-0-0\" class=\"so-panel widget widget_black-studio-tinymce widget_black_studio_tinymce panel-first-child panel-last-child\" data-index=\"0\" ><div class=\"textwidget\"><p><span class=\"\" style=\"display:block;clear:both;height: 0px;padding-top: 700px;border-top-width:0px;border-bottom-width:0px;\"><\/span><\/p>\n<\/div><\/div><\/div><\/div><\/div><div id=\"pg-153-1\"  class=\"panel-grid panel-no-style\" ><div id=\"pgc-153-1-0\"  class=\"panel-grid-cell\" ><div id=\"panel-153-1-0-0\" class=\"so-panel widget widget_black-studio-tinymce widget_black_studio_tinymce panel-first-child panel-last-child\" data-index=\"1\" ><div class=\"textwidget\"><p><span class=\"\" style=\"display:block;clear:both;height: 0px;padding-top: 100px;border-top-width:0px;border-bottom-width:0px;\"><\/span><\/p>\n<p><img class=\"alignnone wp-image-1432 size-full\" src=\"https:\/\/amedhotel.com\/wp-content\/uploads\/2021\/11\/5-scaled.jpg\" alt=\"Bungalow-traditional-Bali-Indonesia-Amed\" width=\"2560\" height=\"1707\" \/><\/p>\n<\/div><\/div><\/div><div id=\"pgc-153-1-1\"  class=\"panel-grid-cell\" ><div id=\"panel-153-1-1-0\" class=\"so-panel widget widget_black-studio-tinymce widget_black_studio_tinymce panel-first-child panel-last-child\" data-index=\"2\" ><div class=\"textwidget\"><p><span class=\"\" style=\"display:block;clear:both;height: 0px;padding-top: 90px;border-top-width:0px;border-bottom-width:0px;\"><\/span><\/p>\n<p>\"Bunga Laut\" signifie \"La fleur de l\u2019oc\u00e9an\" en Indon\u00e9sien.<\/p>\n<p>L\u2019h\u00f4tel est id\u00e9al pour les plongeurs de tous niveaux et exp\u00e9rience. Situ\u00e9 \u00e0 seulement deux heures de l\u2019a\u00e9roport international, proche de la plage avec une vue imprenable sur le volcan Agung et les collines de Seraya., Bunga Laut Bungalows vous permet de profiter de la beaut\u00e9 de \"L\u2019\u00eele des dieux\". <\/p>\n<p>Loin de la zone touristique et bruyante de Kuta, Amed et Tulamben sont de paisibles villages de p\u00eacheurs qui habritant les meilleurs sites de plong\u00e9es de Bali. Les voyageurs y appr\u00e9cieront le calme et l\u2019atmosph\u00e8re.<\/p>\n<\/div><\/div><\/div><\/div><div id=\"pg-153-2\"  class=\"panel-grid panel-no-style\" ><div id=\"pgc-153-2-0\"  class=\"panel-grid-cell\" ><div id=\"panel-153-2-0-0\" class=\"so-panel widget widget_black-studio-tinymce widget_black_studio_tinymce panel-first-child panel-last-child\" data-index=\"3\" ><div class=\"textwidget\"><p><span class=\"\" style=\"display:block;clear:both;height: 0px;padding-top: 2px;border-top-width:0px;border-bottom-width:0px;\"><\/span><\/p>\n<p>Nous proposons 4 types de logement confortables et \u00e9cologiques \u00e0 prix raisonnables dans un cadre tropical luxuriant.<\/p>\n<p>Bunga Laut Bungalow est compos\u00e9 de 3 bungalows familiaux avec vue sur la mer, 1 bungalow standard Bargibant, 2 chambres standard familiales et 4 chambres standard avec lits jumeaux ou doubles. Notre restaurant m\u00e9lange d'excellents ingr\u00e9dients locaux dans une cuisine traditionnelle indon\u00e9sienne et occidentale. Venez profiter d'un cocktail au couch\u00e9 au soleil autour de notre piscine ou de notre terrasse \u00e0 ciel ouvert apr\u00e8s une journ\u00e9e d'aventure inoubliable.<\/p>\n<p>Tous nos bungalows sont \u00e9quip\u00e9s d'une salle de bain priv\u00e9e de style occidental avec eau chaude, air climatis\u00e9, terrasse priv\u00e9e, mini-bar, coffre-fort, n\u00e9cessaire \u00e0 th\u00e9 \/ caf\u00e9 et un acc\u00e8s WiFi. <\/p>\n<\/div><\/div><\/div><div id=\"pgc-153-2-1\"  class=\"panel-grid-cell\" ><div id=\"panel-153-2-1-0\" class=\"so-panel widget widget_black-studio-tinymce widget_black_studio_tinymce panel-first-child panel-last-child\" data-index=\"4\" ><div class=\"textwidget\"><p><img class=\"alignnone wp-image-1433 size-full\" src=\"https:\/\/amedhotel.com\/wp-content\/uploads\/2021\/11\/DSC06418-scaled.jpg\" alt=\"familybungalow-balidivetrek\" width=\"2560\" height=\"1707\" \/><\/p>\n<\/div><\/div><\/div><\/div><div id=\"pg-153-3\"  class=\"panel-grid panel-no-style\" ><div id=\"pgc-153-3-0\"  class=\"panel-grid-cell\" ><div id=\"panel-153-3-0-0\" class=\"so-panel widget widget_black-studio-tinymce widget_black_studio_tinymce panel-first-child panel-last-child\" data-index=\"5\" ><div class=\"textwidget\"><p><img src=\"https:\/\/amedhotel.com\/wp-content\/uploads\/2021\/11\/DSC06326-HDR-scaled.jpg\" alt=\"bali-bathroom-lavastone\" width=\"2560\" height=\"1707\" class=\"alignnone size-full wp-image-1425\" \/><\/p>\n<p><span class=\"\" style=\"display:block;clear:both;height: 0px;padding-top: 20px;border-top-width:0px;border-bottom-width:0px;\"><\/span><\/p>\n<p><img src=\"https:\/\/amedhotel.com\/wp-content\/uploads\/2021\/11\/DSC06404-HDR-scaled.jpg\" alt=\"Hotel-Amed-Bali\" width=\"2560\" height=\"1707\" class=\"alignnone size-full wp-image-1442\" \/><\/p>\n<\/div><\/div><\/div><div id=\"pgc-153-3-1\"  class=\"panel-grid-cell\" ><div id=\"panel-153-3-1-0\" class=\"so-panel widget widget_black-studio-tinymce widget_black_studio_tinymce panel-first-child panel-last-child\" data-index=\"6\" ><div class=\"textwidget\"><h4><span class=\"\" style=\"display:block;clear:both;height: 0px;padding-top: 25px;border-top-width:0px;border-bottom-width:0px;\"><\/span><\/h4>\n<h4><strong><span style=\"text-decoration: underline;\">Infrastructures de l\u2019h\u00f4tel :<\/span><\/strong><\/h4>\n<ul>\n<li>4 chambres standards, 2 chambres familiales, 3 bungalows familiaux et 1 bungalow standard.<\/li>\n<li>Centre de plong\u00e9e professionnel<\/li>\n<li>Restaurant &amp; Bar (restaurant ouvert sur un jardin tropical)<\/li>\n<li>Une grande piscine<\/li>\n<li>Parking gard\u00e9<\/li>\n<\/ul>\n<p>&nbsp;<\/p>\n<p>&nbsp;<\/p>\n<p><span style=\"color: #000000;\"><strong><span style=\"text-decoration: underline;\">Services :<\/span><\/strong><\/span><\/p>\n<ul>\n<li>Service de s\u00e9curit\u00e9 24 h<\/li>\n<li>Service de transport<\/li>\n<li>Excursions et activit\u00e9s<\/li>\n<li>Gardien de nuit<\/li>\n<li>Service de blanchisserie<\/li>\n<li>Internet<\/li>\n<li>Transfert de l\u2019a\u00e9roport sur demande (500.000 IDR)<\/li>\n<li>Bateau vers les \u00eeles Gili<\/li>\n<\/ul>\n<\/div><\/div><\/div><\/div><div id=\"pg-153-4\"  class=\"panel-grid panel-no-style\" ><div id=\"pgc-153-4-0\"  class=\"panel-grid-cell\" ><div id=\"panel-153-4-0-0\" class=\"so-panel widget widget_black-studio-tinymce widget_black_studio_tinymce panel-first-child panel-last-child\" data-index=\"7\" ><div class=\"textwidget\"><h3 style=\"font-size: 20px; color: #000; margin-bottom: 12px; text-decoration: underline;\">Tarifs des Chambres<\/h3>\n<div style=\"overflow-x:auto;\">\n<table style=\"width: 100%; border-collapse: collapse; font-family: Arial, sans-serif; font-size: 14px; color: #222;\">\n<thead>\n<tr style=\"background-color: #f0f0f0;\">\n<th style=\"padding: 6px 8px; border: 1px solid #ddd;\">Nb<\/th>\n<th style=\"padding: 6px 8px; border: 1px solid #ddd;\">Type<\/th>\n<th style=\"padding: 6px 8px; border: 1px solid #ddd;\">Capacit\u00e9<\/th>\n<th style=\"padding: 6px 8px; border: 1px solid #ddd;\">Tarif<\/th>\n<\/tr>\n<\/thead>\n<tbody>\n<tr>\n<td style=\"padding: 6px 8px; border: 1px solid #ddd;\">1<\/td>\n<td style=\"padding: 6px 8px; border: 1px solid #ddd;\">Bungalow Standard<\/td>\n<td style=\"padding: 6px 8px; border: 1px solid #ddd;\">2 pers.<\/td>\n<td style=\"padding: 6px 8px; border: 1px solid #ddd;\">730 000 IDR \/ nuit<\/td>\n<\/tr>\n<tr>\n<td style=\"padding: 6px 8px; border: 1px solid #ddd;\">3<\/td>\n<td style=\"padding: 6px 8px; border: 1px solid #ddd;\">Bungalow Familial<\/td>\n<td style=\"padding: 6px 8px; border: 1px solid #ddd;\">2 pers. \/ 3 pers.<\/td>\n<td style=\"padding: 6px 8px; border: 1px solid #ddd;\">\n          955 000 \/ 1 100 000 IDR\n        <\/td>\n<\/tr>\n<tr>\n<td style=\"padding: 6px 8px; border: 1px solid #ddd;\">2<\/td>\n<td style=\"padding: 6px 8px; border: 1px solid #ddd;\">Chambre Familiale<\/td>\n<td style=\"padding: 6px 8px; border: 1px solid #ddd;\">3 pers. \/ 4 pers.<\/td>\n<td style=\"padding: 6px 8px; border: 1px solid #ddd;\">\n          955 000 \/ 1 120 000 IDR\n        <\/td>\n<\/tr>\n<tr>\n<td style=\"padding: 6px 8px; border: 1px solid #ddd;\">4<\/td>\n<td style=\"padding: 6px 8px; border: 1px solid #ddd;\">Chambre Standard<\/td>\n<td style=\"padding: 6px 8px; border: 1px solid #ddd;\">2 pers.<\/td>\n<td style=\"padding: 6px 8px; border: 1px solid #ddd;\">620 000 IDR \/ nuit<\/td>\n<\/tr>\n<\/tbody>\n<\/table>\n<\/div>\n<p style=\"font-size: 13px; color: #444; margin-top: 10px; font-style: italic;\">\n  * Petit-d\u00e9jeuner et eau potable inclus. Annulation gratuite.<br \/>\n  * R\u00e9duction pour les plongeurs sur les chambres standard et bungalows standard.\n<\/p>\n<p style=\"margin-top: 8px;\">\n  <a href=\"http:\/\/www.booking.com\/hotel\/id\/bunga-laut-bungalow.html?aid=330843;lang=fr\" target=\"_blank\"><br \/>\n    <img src=\"https:\/\/aff.bstatic.com\/data\/sp_aff\/330843\/booknow_en.gif\" alt=\"R\u00e9server maintenant\" style=\"border: 0;\"><br \/>\n  <\/a><\/p>\n<\/div><\/div><\/div><div id=\"pgc-153-4-1\"  class=\"panel-grid-cell\" ><div id=\"panel-153-4-1-0\" class=\"so-panel widget widget_black-studio-tinymce widget_black_studio_tinymce panel-first-child panel-last-child\" data-index=\"8\" ><div class=\"textwidget\"><p><span class=\"\" style=\"display:block;clear:both;height: 0px;padding-top: 50px;border-top-width:0px;border-bottom-width:0px;\"><\/span><\/p>\n<p><img src=\"https:\/\/amedhotel.com\/wp-content\/uploads\/2021\/11\/0-scaled.jpg\" alt=\"dive-resort-bali-amed-pool\" width=\"2560\" height=\"1707\" class=\"alignnone size-full wp-image-1422\" \/><\/p>\n<p><span class=\"\" style=\"display:block;clear:both;height: 0px;padding-top: 100px;border-top-width:0px;border-bottom-width:0px;\"><\/span><\/p>\n<\/div><\/div><\/div><\/div><\/div>","protected":false},"excerpt":{"rendered":"<p>\u00ab\u00a0Bunga Laut\u00a0\u00bb signifie \u00ab\u00a0La fleur de l\u2019oc\u00e9an\u00a0\u00bb en Indon\u00e9sien. L\u2019h\u00f4tel est id\u00e9al pour les plongeurs de tous niveaux et exp\u00e9rience. Situ\u00e9 \u00e0 seulement deux heures de l\u2019a\u00e9roport international, proche de la plage avec une vue imprenable sur le volcan Agung et les collines de Seraya., Bunga Laut Bungalows vous permet de profiter de la beaut\u00e9&#8230;<\/p>\n","protected":false},"author":1,"featured_media":0,"parent":0,"menu_order":0,"comment_status":"closed","ping_status":"closed","template":"full-width-page.php","meta":[],"aioseo_notices":[],"_links":{"self":[{"href":"https:\/\/amedhotel.com\/fr\/wp-json\/wp\/v2\/pages\/153"}],"collection":[{"href":"https:\/\/amedhotel.com\/fr\/wp-json\/wp\/v2\/pages"}],"about":[{"href":"https:\/\/amedhotel.com\/fr\/wp-json\/wp\/v2\/types\/page"}],"author":[{"embeddable":true,"href":"https:\/\/amedhotel.com\/fr\/wp-json\/wp\/v2\/users\/1"}],"replies":[{"embeddable":true,"href":"https:\/\/amedhotel.com\/fr\/wp-json\/wp\/v2\/comments?post=153"}],"version-history":[{"count":46,"href":"https:\/\/amedhotel.com\/fr\/wp-json\/wp\/v2\/pages\/153\/revisions"}],"predecessor-version":[{"id":1630,"href":"https:\/\/amedhotel.com\/fr\/wp-json\/wp\/v2\/pages\/153\/revisions\/1630"}],"wp:attachment":[{"href":"https:\/\/amedhotel.com\/fr\/wp-json\/wp\/v2\/media?parent=153"}],"curies":[{"name":"wp","href":"https:\/\/api.w.org\/{rel}","templated":true}]}}