{"id":150,"date":"2016-05-04T09:26:49","date_gmt":"2016-05-04T09:26:49","guid":{"rendered":"http:\/\/www.hotelamed.com\/index.php\/activities\/?lang=fr"},"modified":"2025-04-22T06:18:23","modified_gmt":"2025-04-22T06:18:23","slug":"activities","status":"publish","type":"page","link":"https:\/\/amedhotel.com\/fr\/activities\/","title":{"rendered":"Activit\u00e9s"},"content":{"rendered":"<div id=\"pl-150\"  class=\"panel-layout\" ><div id=\"pg-150-0\"  class=\"panel-grid panel-has-style\" ><div class=\"siteorigin-panels-stretch panel-row-style panel-row-style-for-150-0\" data-stretch-type=\"full\" ><div id=\"pgc-150-0-0\"  class=\"panel-grid-cell\" ><div id=\"panel-150-0-0-0\" class=\"so-panel widget widget_black-studio-tinymce widget_black_studio_tinymce panel-first-child panel-last-child\" data-index=\"0\" ><div class=\"textwidget\"><p><span class=\"\" style=\"display:block;clear:both;height: 0px;padding-top: 500px;border-top-width:0px;border-bottom-width:0px;\"><\/span><\/p>\n<\/div><\/div><\/div><\/div><\/div><div id=\"pg-150-1\"  class=\"panel-grid panel-no-style\" ><div id=\"pgc-150-1-0\"  class=\"panel-grid-cell\" ><div id=\"panel-150-1-0-0\" class=\"so-panel widget widget_black-studio-tinymce widget_black_studio_tinymce panel-first-child panel-last-child\" data-index=\"1\" ><div class=\"textwidget\"><p><img class=\"alignnone size-full wp-image-253\" src=\"https:\/\/amedhotel.com\/wp-content\/uploads\/2016\/05\/manta-bonne-e1464245640800.jpg\" alt=\"\" width=\"909\" height=\"534\" \/><span class=\"\" style=\"display:block;clear:both;height: 0px;padding-top: 20px;border-top-width:0px;border-bottom-width:0px;\"><\/span><\/p>\n<\/div><\/div><\/div><div id=\"pgc-150-1-1\"  class=\"panel-grid-cell\" ><div id=\"panel-150-1-1-0\" class=\"so-panel widget widget_black-studio-tinymce widget_black_studio_tinymce panel-first-child panel-last-child\" data-index=\"2\" ><div class=\"textwidget\"><h3><span style=\"color: #0000ff;\">Plong\u00e9e et Snorkeling<\/span><\/h3>\n<p>Bunga Laut Dive Resort propose une gamme compl\u00e8te de snorkeling (PMT) et de plong\u00e9e sous-marine avec notre centre de plong\u00e9e <a href=\"http:\/\/www.balidivetrek.com\/fr\" target=\"_blank\" rel=\"noopener\">Bali Dive Trek.<\/a><br \/>\nBali Dive Trek est le seul centre de plong\u00e9e \u00e0 Bali qui fournit un service complet de formation de d\u00e9butants\u00a0\u00e0 plongeur technique.<\/p>\n<p>Notre \u00e9quipe d'<a href=\"http:\/\/www.balidivetrek.com\/fr\/#about\" target=\"_blank\" rel=\"noopener\">instructeurs et de guides <\/a>professionnels et exp\u00e9riment\u00e9s s'assurera que les plongeurs\u00a0 d\u00e9butants et certifi\u00e9s appr\u00e9cieront leurs plong\u00e9es. Que vous soyez photographe ou plongeur technique en <a href=\"http:\/\/www.balidivetrek.com\/fr\/plongee-technique\/\" target=\"_blank\" rel=\"noopener\">recycleur<\/a>, rejoignez-nous, nous vous montrerons le meilleur de Bali.<br \/>\nLes palanqu\u00e9es sont r\u00e9duites afin de maximiser le plaisir et la dur\u00e9e de vos plong\u00e9es. Nos services incluent montage, d\u00e9montage et rin\u00e7age des \u00e9quipements. Profitez des c\u00e9l\u00e8bres sites de plong\u00e9e de l'est de Bali tels que l'\u00e9pave de <a href=\"https:\/\/balidivetrek.com\/fr\/divesites\/\" target=\"_blank\" rel=\"noopener\">l'USAT Liberty, le tombant de Tulamben, Gili Selang, l'\u00e9pave japonaise<\/a>, et plus encore. Nous organisons \u00e9galement des excursions \u00e0 la journ\u00e9e sur Nusa Penida pour y voir les raies manta et les mola-mola.<\/p>\n<p><span class=\"\" style=\"display:block;clear:both;height: 0px;padding-top: 20px;border-top-width:0px;border-bottom-width:0px;\"><\/span><\/p>\n<\/div><\/div><\/div><\/div><div id=\"pg-150-2\"  class=\"panel-grid panel-no-style\" ><div id=\"pgc-150-2-0\"  class=\"panel-grid-cell\" ><div id=\"panel-150-2-0-0\" class=\"so-panel widget widget_black-studio-tinymce widget_black_studio_tinymce panel-first-child panel-last-child\" data-index=\"3\" ><div class=\"textwidget\"><h3><span style=\"color: #0000ff;\">Rafting<\/span><\/h3>\n<div class=\"tw-swapa\"><\/div>\n<div class=\"_Ejb\">\n<div id=\"tw-target\">\n<div id=\"tw-target-text-container\" class=\"tw-ta-container tw-nfl\">\n<p><span lang=\"fr\">Le rafting est une activit\u00e9 passionnante que vous pouvez appr\u00e9cier pendant un jour sans<\/span> plonger \u00e0 Ubud ou \u00e0 Telaga waja. Pendant la saison des pluies, cette activit\u00e9 peut \u00eatre intense et demande d\u2019\u00eatre bon nageur. En saison s\u00e8che (de juin\u00a0\u00e0 novembre), le rafting devient une activit\u00e9 familiale accessible\u00a0\u00e0 tous. <a href=\"https:\/\/amedhotel.com\/fr\/contact-us\/\" target=\"_blank\" rel=\"noopener\">Contactez-nous<\/a> pour plus d'informations.<\/p>\n<\/div>\n<\/div>\n<\/div>\n<\/div><\/div><\/div><div id=\"pgc-150-2-1\"  class=\"panel-grid-cell\" ><div id=\"panel-150-2-1-0\" class=\"so-panel widget widget_black-studio-tinymce widget_black_studio_tinymce panel-first-child panel-last-child\" data-index=\"4\" ><div class=\"textwidget\"><p><img class=\"alignnone size-full wp-image-261\" src=\"https:\/\/amedhotel.com\/wp-content\/uploads\/2016\/05\/Short-term-rentals-Seminyak-Villa-Lola_19.jpeg\" alt=\"\" width=\"800\" height=\"600\" \/><\/p>\n<\/div><\/div><\/div><\/div><div id=\"pg-150-3\"  class=\"panel-grid panel-no-style\" ><div id=\"pgc-150-3-0\"  class=\"panel-grid-cell\" ><div id=\"panel-150-3-0-0\" class=\"so-panel widget widget_black-studio-tinymce widget_black_studio_tinymce panel-first-child panel-last-child\" data-index=\"5\" ><div class=\"textwidget\"><p><img src=\"https:\/\/amedhotel.com\/wp-content\/uploads\/2018\/06\/sidement.jpg\" alt=\"\" width=\"1024\" height=\"684\" class=\"alignnone size-full wp-image-1113\" \/><\/p>\n<\/div><\/div><\/div><div id=\"pgc-150-3-1\"  class=\"panel-grid-cell\" ><div id=\"panel-150-3-1-0\" class=\"so-panel widget widget_black-studio-tinymce widget_black_studio_tinymce panel-first-child panel-last-child\" data-index=\"6\" ><div class=\"textwidget\"><h3><span style=\"color: #0000ff;\">Tours &amp; visites guid\u00e9es<br \/>\n<\/span><\/h3>\n<p><span style=\"color: #808080;\">Nous organisons des visites guid\u00e9es tout autour de Bali: du splendide temple de Besakih aux jardins aquatiques d'Ujung et Tirta Gangga. Nous pouvons arranger une journ\u00e9e de divertissement pour un non plongeur ou pour une famille. Visitez notre page <a href=\"https:\/\/amedhotel.com\/fr\/transports-and-tours\/\" target=\"_blank\" rel=\"noopener\">transport et tours <\/a>pour consulter nos tarifs.<\/span><\/p>\n<p>Assurez-vous d'avoir toutes les informations avant de r\u00e9server, notamment pour les distances qui <span style=\"color: #808080;\">\u00e0<\/span> Bali se mesurent en temps et non en kilom\u00e8tres. <a href=\"https:\/\/amedhotel.com\/fr\/contact-us\/\" target=\"_blank\" rel=\"noopener\">Contactez-nous<\/a> pour plus d'informations.<\/p>\n<\/div><\/div><\/div><\/div><div id=\"pg-150-4\"  class=\"panel-grid panel-has-style\" ><div class=\"siteorigin-panels-stretch panel-row-style panel-row-style-for-150-4\" data-stretch-type=\"full\" ><div id=\"pgc-150-4-0\"  class=\"panel-grid-cell\" ><div id=\"panel-150-4-0-0\" class=\"so-panel widget widget_black-studio-tinymce widget_black_studio_tinymce panel-first-child panel-last-child\" data-index=\"7\" ><div class=\"textwidget\"><h3><span style=\"color: #0000ff;\">Randonn\u00e9e &amp; Trekking<br \/>\n<\/span><\/h3>\n<p>Bali, l\u2019\u00eele des dieux, offre\u00a0une riche diversit\u00e9 de <span lang=\"fr\">paysages spectaculaires tels que<\/span> des rizi\u00e8res en terrasse et des <span lang=\"fr\">for\u00eats montagneuses.<\/span> Nous proposons des randonn\u00e9es sur les deux volcans de Bali.\u00a0 Le Mont Batur (1750m) plus facile car une heure et demi vous suffira pour en faire l\u2019ascension. Le Mont\u00a0 Agung (3052m) pour les marcheurs plus exp\u00e9riment\u00e9s, exige de l\u2019exp\u00e9rience et une bonne condition physique.<\/p>\n<p>Nous pouvons aussi organiser d'autres treks autour d'Amed dans les montagnes de Seraya avec ses cascades et ses temples Hindous. <a href=\"https:\/\/amedhotel.com\/fr\/contact-us\/\" target=\"_blank\" rel=\"noopener\">Contactez-nous<\/a> pour organiser votre tour personnel.<\/p>\n<p><span style=\"color: #808080;\">\u00a0<\/span><\/p>\n<\/div><\/div><\/div><div id=\"pgc-150-4-1\"  class=\"panel-grid-cell\" ><div id=\"panel-150-4-1-0\" class=\"so-panel widget widget_black-studio-tinymce widget_black_studio_tinymce panel-first-child panel-last-child\" data-index=\"8\" ><div class=\"textwidget\"><p><img src=\"https:\/\/amedhotel.com\/wp-content\/uploads\/2016\/05\/c1bf82068e6d19389493295ca69ae67d.jpg\" alt=\"\" width=\"681\" height=\"454\" class=\"alignnone size-full wp-image-263\" \/><\/p>\n<\/div><\/div><\/div><\/div><\/div><\/div>","protected":false},"excerpt":{"rendered":"<p>Plong\u00e9e et Snorkeling Bunga Laut Dive Resort propose une gamme compl\u00e8te de snorkeling (PMT) et de plong\u00e9e sous-marine avec notre centre de plong\u00e9e Bali Dive Trek. Bali Dive Trek est le seul centre de plong\u00e9e \u00e0 Bali qui fournit un service complet de formation de d\u00e9butants\u00a0\u00e0 plongeur technique. Notre \u00e9quipe d&rsquo;instructeurs et de guides professionnels&#8230;<\/p>\n","protected":false},"author":1,"featured_media":0,"parent":0,"menu_order":0,"comment_status":"closed","ping_status":"closed","template":"full-width-page.php","meta":[],"aioseo_notices":[],"_links":{"self":[{"href":"https:\/\/amedhotel.com\/fr\/wp-json\/wp\/v2\/pages\/150"}],"collection":[{"href":"https:\/\/amedhotel.com\/fr\/wp-json\/wp\/v2\/pages"}],"about":[{"href":"https:\/\/amedhotel.com\/fr\/wp-json\/wp\/v2\/types\/page"}],"author":[{"embeddable":true,"href":"https:\/\/amedhotel.com\/fr\/wp-json\/wp\/v2\/users\/1"}],"replies":[{"embeddable":true,"href":"https:\/\/amedhotel.com\/fr\/wp-json\/wp\/v2\/comments?post=150"}],"version-history":[{"count":23,"href":"https:\/\/amedhotel.com\/fr\/wp-json\/wp\/v2\/pages\/150\/revisions"}],"predecessor-version":[{"id":1645,"href":"https:\/\/amedhotel.com\/fr\/wp-json\/wp\/v2\/pages\/150\/revisions\/1645"}],"wp:attachment":[{"href":"https:\/\/amedhotel.com\/fr\/wp-json\/wp\/v2\/media?parent=150"}],"curies":[{"name":"wp","href":"https:\/\/api.w.org\/{rel}","templated":true}]}}